{"id":48,"date":"2023-11-06T06:16:05","date_gmt":"2023-11-06T06:16:05","guid":{"rendered":"https:\/\/adasociados.com\/?page_id=48"},"modified":"2024-01-13T19:10:17","modified_gmt":"2024-01-13T19:10:17","slug":"nosotros","status":"publish","type":"page","link":"https:\/\/adasociados.com\/index.php\/nosotros\/","title":{"rendered":"Nosotros"},"content":{"rendered":"\n<p class=\"has-medium-font-size\"><strong>MISION<\/strong><\/p>\n\n\n\n<p>Proporcionar a nuestros clientes, servicios profesionales de calidad, con Eficacia y Eficiencia, aportando las<br>recomendaciones y soluciones viables, creativas y propositivas para lograr la plena satisfacci\u00f3n de quienes<br>demandan nuestros servicios.<\/p>\n\n\n\n<p class=\"has-medium-font-size\"><br><strong>VISION<\/strong><\/p>\n\n\n\n<p>Mantenernos a la vanguardia con la metodolog\u00eda y la calidad de nuestros servicios de CONTABILIDAD,<br>AUDITORIA Y ASESORIA, con procesos permanentes y actualizados para impulsar con este esfuerzo, el<br>crecimiento de nuestros servicios.<\/p>\n\n\n\n<p class=\"has-medium-font-size\"><br><strong>NUESTROS<\/strong> <strong>VALORES<\/strong><\/p>\n\n\n\n<p><strong>Excelencia, \u00c9tica, Compromiso Mutuo y Responsabilidad<\/strong><\/p>\n\n\n\n<p>Lograr que nuestros clientes obtengan un valor agregado, mediante el servicio profesional, asegurando que las condiciones pactadas, ser\u00e1n realizadas con el m\u00e1s alto grado de profesionalismo.<\/p>\n\n\n\n<p>Satisfacer las expectativas de nuestros clientes, dentro de las disposiciones contables, fiscales, mercantiles,<br>administrativas, etc., previstas en las diferentes normas, leyes y reglamentos, orient\u00e1ndolo y asesor\u00e1ndolo para el buen funcionamiento empresarial o del negocio.<\/p>\n\n\n\n<p>Promover la calidad del servicio, mediante el trabajo en equipo, tanto Firma\u2013 Cliente, y tener una comunicaci\u00f3n estrecha, para lograr los objetivos en com\u00fan y en beneficio de ambos.<\/p>\n\n\n\n<p>Manejar bajo m\u00e1rgenes estrictos de seguridad y confidencialidad, la informaci\u00f3n y documentaci\u00f3n que nos conf\u00edan nuestros clientes, de igual forma la que se genere con motivo de los servicios prestados.<br><\/p>\n\n\n\n<p class=\"has-medium-font-size\"><strong>LA EXCELENCIA<\/strong><\/p>\n\n\n\n<p>En este valor se busca el m\u00e1s alto nivel de calidad en sus procesos y servicios. Esta b\u00fasqueda se canaliza por<br>medio de una continua insistencia en: Profesionalismo, participaci\u00f3n, Innovaci\u00f3n, Productividad y Mantenimiento.<\/p>\n\n\n\n<p>La excelencia se inicia con el PROFESIONALISMO en el trabajo, que es la capacidad de aplicar apropiadamente los conocimientos y habilidades necesarias, reconociendo las propias limitaciones para no generar expectativas que luego no puedan ser cumplidas. Realizamos nuestras labores con la PARTICIPACI\u00d3N, la cual integra los conocimientos requeridos a trav\u00e9s de la incorporaci\u00f3n de las personas que poseen las pericias pertinentes al equipo de trabajo, fomentando una relaci\u00f3n madura cooperadora.<\/p>\n\n\n\n<p>Valoramos la INNOVACI\u00d3N como resultado de una actitud de permanente exigencia que lleva a lograr mejores soluciones para incrementar nuestra capacidad competitiva y nuestra efectividad profesional.<\/p>\n\n\n\n<p>Creemos en el est\u00edmulo a la PRODUCTIVIDAD como un medio de obtener resultados cada vez mejores y m\u00e1s<br>rentables con los recursos disponibles, lo cual en definitiva se consolida con nuestro ideal de CALIDAD: Hacer<br>las cosas en la mejor forma hasta en sus menores detalles, cumpliendo con las especificaciones y los plazos.<\/p>\n\n\n\n<p>Ponemos particular \u00e9nfasis en el MANTENIMIENTO, para preservar el buen funcionamiento durabilidad de las<br>instalaciones y equipos, con el objeto de asegurar la continuidad de las operaciones y reducir costos de<br>reposici\u00f3n.<\/p>\n\n\n\n<p class=\"has-medium-font-size\"><strong>LA \u00c9TICA<\/strong><\/p>\n\n\n\n<p>Profesamos una adhesi\u00f3n rigurosa a principios morales que garantizan una conducta ejemplar, la cual se<br>manifiesta a trav\u00e9s de: Honradez, Integridad y Transparencia.<\/p>\n\n\n\n<p>LA HONRADEZ: Es actuar sincero y de buena fe en el que no existen segundas intenciones ni ocultamiento de<br>informaci\u00f3n.<\/p>\n\n\n\n<p>Es parte fundamental la INTEGRIDAD, que le da consistencia al comportamiento, cualesquiera que sean las<br>circunstancias.<\/p>\n\n\n\n<p>Insistimos con empe\u00f1o en la TRANSPARENCIA de nuestras acciones, lo cual permite constatar la rectitud con<br>que hemos realizado nuestro trabajo.<\/p>\n\n\n\n<p class=\"has-medium-font-size\"><strong>EL COMPROMISO MUTUO<\/strong><\/p>\n\n\n\n<p>Una de las caracter\u00edsticas resultantes, es el compromiso mutuo y solidario entre la empresa y su talento humano. Se basa en relaciones justas y equitativas que nos permiten la realizaci\u00f3n reciproca e involucra: Respeto, Respaldo, Seguridad, Meritocracia, Lealtad y Dedicaci\u00f3n.<\/p>\n\n\n\n<p>La firma brinda a los colaboradores RESPETO en su dignidad humana y profesional. As\u00ed como RESPALDO por<br>medio de iniciativas para ayudarlo a solucionar sus problemas personales y a realizar \u00f3ptimamente sus labores,<br>dando atenci\u00f3n prioritaria a la SEGURIDAD en las condiciones de trabajo. Aplicamos la MERITOCRACIA como<br>forma de acceso progresivo a las posiciones de mayor nivel de responsabilidad, brindando iguales oportunidades de desarrollo personal y reconocimiento por los m\u00e9ritos individuales alcanzados.<\/p>\n\n\n\n<p>Por otra parte, como integrantes de esta organizaci\u00f3n, manifestamos nuestra LEALTAD, hacia ella<br>identific\u00e1ndonos con su misi\u00f3n e inter\u00e9s, protegiendo sus bienes y acervo, manteniendo relaciones de respeto, solidaridad y confianza mutua con nuestros compa\u00f1eros. Todo ello se traduce en una DEDICACI\u00d3N diligente al logro de los objetivos de la compa\u00f1\u00eda.<br><\/p>\n\n\n\n<p class=\"has-medium-font-size\"><strong>RESPONSABILIDAD<\/strong><\/p>\n\n\n\n<p>\u00daNICAMENTE se asumen compromisos que se pueden cumplir y as\u00ed, evitar desviaciones que nos aparten de<br>nuestros objetivos. La responsabilidad significa: Cumplimiento, Disciplina, Ponderaci\u00f3n, Discreci\u00f3n y Objetividad.<\/p>\n\n\n\n<p>Es importante el CUMPLIMIENTO, como culminaci\u00f3n total y puntual de las obligaciones contra\u00eddas, as\u00ed como la DISCIPLINA que garantiza el acatamiento a los Principios, normas y disposiciones establecidas para lograr la realizaci\u00f3n arm\u00f3nica de las actividades.<\/p>\n\n\n\n<p>Practicamos la ponderaci\u00f3n en t\u00e9rminos de amoldar el uso de recursos a los requerimientos de la situaci\u00f3n,<br>apreciamos la DISCRECI\u00d3N para conservar la informaci\u00f3n que obtenemos, solo para ser comunicada a quienes les concierne y en el momento apropiado. Mantenemos en nuestra conducta empresarial la mayor OBJETIVIDAD en las decisiones, preserv\u00e1ndolas de la interferencia de criterios de orden pol\u00edtico \u2013 partidista, o enmarcados dentro de nuestro sistema de valores.<\/p>\n\n\n\n<p class=\"has-medium-font-size\"><br><strong>HONORARIOS<\/strong><br><\/p>\n\n\n\n<p>Clasificamos nuestros honorarios en un rango competitivo y en virtud de las necesidades del cliente, brindando un valor justo y acorde al trabajo que se nos encomiende.<br><\/p>\n","protected":false},"excerpt":{"rendered":"<p>MISION Proporcionar a nuestros clientes, servicios profesionales de calidad, con Eficacia y Eficiencia, aportando lasrecomendaciones y soluciones viables, creativas y propositivas para lograr la plena satisfacci\u00f3n de quienesdemandan nuestros servicios. VISION Mantenernos a la vanguardia con la metodolog\u00eda y la calidad de nuestros servicios de CONTABILIDAD,AUDITORIA Y ASESORIA, con procesos permanentes y actualizados para impulsar [&hellip;]<\/p>\n","protected":false},"author":1,"featured_media":0,"parent":0,"menu_order":0,"comment_status":"closed","ping_status":"closed","template":"","meta":{"_themeisle_gutenberg_block_has_review":false,"footnotes":""},"class_list":["post-48","page","type-page","status-publish","hentry"],"_links":{"self":[{"href":"https:\/\/adasociados.com\/index.php\/wp-json\/wp\/v2\/pages\/48","targetHints":{"allow":["GET"]}}],"collection":[{"href":"https:\/\/adasociados.com\/index.php\/wp-json\/wp\/v2\/pages"}],"about":[{"href":"https:\/\/adasociados.com\/index.php\/wp-json\/wp\/v2\/types\/page"}],"author":[{"embeddable":true,"href":"https:\/\/adasociados.com\/index.php\/wp-json\/wp\/v2\/users\/1"}],"replies":[{"embeddable":true,"href":"https:\/\/adasociados.com\/index.php\/wp-json\/wp\/v2\/comments?post=48"}],"version-history":[{"count":11,"href":"https:\/\/adasociados.com\/index.php\/wp-json\/wp\/v2\/pages\/48\/revisions"}],"predecessor-version":[{"id":110,"href":"https:\/\/adasociados.com\/index.php\/wp-json\/wp\/v2\/pages\/48\/revisions\/110"}],"wp:attachment":[{"href":"https:\/\/adasociados.com\/index.php\/wp-json\/wp\/v2\/media?parent=48"}],"curies":[{"name":"wp","href":"https:\/\/api.w.org\/{rel}","templated":true}]}}